{"id":286,"date":"2016-10-31T13:17:59","date_gmt":"2016-10-31T16:17:59","guid":{"rendered":"https:\/\/isp15-sfe.infd.edu.ar\/sitio\/?page_id=286"},"modified":"2025-03-12T17:06:43","modified_gmt":"2025-03-12T20:06:43","slug":"inicio","status":"publish","type":"page","link":"https:\/\/isp15-sfe.infd.edu.ar\/sitio\/","title":{"rendered":"Inicio"},"content":{"rendered":"<p>\u00a0 \u00a0 \u00a0 \u00a0 \u00a0 \u00a0 \u00a0 \u00a0 \u00a0 \u00a0 \u00a0 <img decoding=\"async\" loading=\"lazy\" class=\"alignnone size-full wp-image-1077\" src=\"https:\/\/isp15-sfe.infd.edu.ar\/sitio\/wp-content\/uploads\/2025\/02\/ULTIMO.png\" alt=\"\" width=\"851\" height=\"315\" srcset=\"https:\/\/isp15-sfe.infd.edu.ar\/sitio\/wp-content\/uploads\/2025\/02\/ULTIMO.png 851w, https:\/\/isp15-sfe.infd.edu.ar\/sitio\/wp-content\/uploads\/2025\/02\/ULTIMO-768x284.png 768w\" sizes=\"(max-width: 851px) 100vw, 851px\" \/><\/p>\n<h1 style=\"text-align: center;\">\u00a0PLANES DE ESTUDIO<\/h1>\n<p style=\"text-align: center;\"><a href=\"https:\/\/isp15-sfe.infd.edu.ar\/sitio\/wp-content\/uploads\/2022\/11\/Profesorado-de-Educacion-Primaria.pdf\">Profesorado de Educaci\u00f3n Primaria<\/a><\/p>\n<p style=\"text-align: center;\"><a href=\"https:\/\/isp15-sfe.infd.edu.ar\/sitio\/wp-content\/uploads\/2022\/11\/Profesorado-de-Educacion-Inicial.pdf\">Profesorado de Educaci\u00f3n Inicial<\/a><\/p>\n<p style=\"text-align: center;\"><a href=\"https:\/\/isp15-sfe.infd.edu.ar\/sitio\/wp-content\/uploads\/2022\/11\/Profesorado-de-Educacion-Secundaria-en-Matematica.pdf\">Profesorado de Educaci\u00f3n Secundaria en Matem\u00e1tica<\/a><\/p>\n<p style=\"text-align: center;\"><a href=\"https:\/\/isp15-sfe.infd.edu.ar\/sitio\/wp-content\/uploads\/2022\/11\/Tec-Sup-en-Economia-Social-y-Solidaria-Orientada-al-Desarrollo-Local.pdf\">Tec Sup en Econom\u00eda Social y Solidaria Orientada al Desarrollo Local<\/a><\/p>\n<p style=\"text-align: center;\"><a href=\"https:\/\/isp15-sfe.infd.edu.ar\/sitio\/wp-content\/uploads\/2024\/09\/Profesorado-en-Lengua-y-Literatura.pdf\">Profesorado en Lengua y Literatura<\/a><\/p>\n<h1 style=\"text-align: center;\"><em><strong>MATERIAL PROPED\u00c9UTICO\u00a0 &#8211; 2025 &#8211;<\/strong><\/em><\/h1>\n<hr \/>\n<h2 style=\"text-align: center;\"><em><strong>PROFESORADO DE EDUCACI\u00d3N PRIMARIA<\/strong><\/em><\/h2>\n<p><a href=\"https:\/\/drive.google.com\/file\/d\/1QhAUeKfSMblfpy3b2Psc6idW4OD5FfVj\/view?usp=sharing\" target=\"_blank\" rel=\"noopener\"><img decoding=\"async\" loading=\"lazy\" class=\"wp-image-964 aligncenter\" src=\"https:\/\/isp15-sfe.infd.edu.ar\/sitio\/wp-content\/uploads\/2024\/02\/57105091-boton-de-descarga-de-archivo-pdf-1000x1000.jpg\" alt=\"\" width=\"114\" height=\"114\" srcset=\"https:\/\/isp15-sfe.infd.edu.ar\/sitio\/wp-content\/uploads\/2024\/02\/57105091-boton-de-descarga-de-archivo-pdf-1000x1000.jpg 1000w, https:\/\/isp15-sfe.infd.edu.ar\/sitio\/wp-content\/uploads\/2024\/02\/57105091-boton-de-descarga-de-archivo-pdf-500x500.jpg 500w, https:\/\/isp15-sfe.infd.edu.ar\/sitio\/wp-content\/uploads\/2024\/02\/57105091-boton-de-descarga-de-archivo-pdf-768x768.jpg 768w, https:\/\/isp15-sfe.infd.edu.ar\/sitio\/wp-content\/uploads\/2024\/02\/57105091-boton-de-descarga-de-archivo-pdf.jpg 1300w\" sizes=\"(max-width: 114px) 100vw, 114px\" \/><\/a><\/p>\n<hr \/>\n<h2 style=\"text-align: center;\"><em><strong>PROFESORADO DE EDUCACI\u00d3N INICIAL\u00a0<\/strong><\/em><a href=\"https:\/\/drive.google.com\/file\/d\/1E2AcfI4aXrfaw2G8Pjh6VCT7OF-xZoSj\/view?usp=sharing\" target=\"_blank\" rel=\"noopener\"><img decoding=\"async\" loading=\"lazy\" class=\"wp-image-964 aligncenter\" style=\"font-size: 16px; font-weight: 400;\" src=\"https:\/\/isp15-sfe.infd.edu.ar\/sitio\/wp-content\/uploads\/2024\/02\/57105091-boton-de-descarga-de-archivo-pdf-1000x1000.jpg\" alt=\"\" width=\"114\" height=\"114\" srcset=\"https:\/\/isp15-sfe.infd.edu.ar\/sitio\/wp-content\/uploads\/2024\/02\/57105091-boton-de-descarga-de-archivo-pdf-1000x1000.jpg 1000w, https:\/\/isp15-sfe.infd.edu.ar\/sitio\/wp-content\/uploads\/2024\/02\/57105091-boton-de-descarga-de-archivo-pdf-500x500.jpg 500w, https:\/\/isp15-sfe.infd.edu.ar\/sitio\/wp-content\/uploads\/2024\/02\/57105091-boton-de-descarga-de-archivo-pdf-768x768.jpg 768w, https:\/\/isp15-sfe.infd.edu.ar\/sitio\/wp-content\/uploads\/2024\/02\/57105091-boton-de-descarga-de-archivo-pdf.jpg 1300w\" sizes=\"(max-width: 114px) 100vw, 114px\" \/><\/a><\/h2>\n<hr \/>\n<h2 style=\"text-align: center;\"><em><strong>PROFESORADO DE EDUCACI\u00d3N SECUNDARIA EN LENGUA Y LITERATURA<\/strong><\/em><\/h2>\n<p><a href=\"https:\/\/drive.google.com\/file\/d\/1sHwvHrHSk3rM8S5cYCCbe9VHNo4WuE39\/view?usp=sharing\" target=\"_blank\" rel=\"noopener\"><img decoding=\"async\" loading=\"lazy\" class=\"wp-image-964 aligncenter\" src=\"https:\/\/isp15-sfe.infd.edu.ar\/sitio\/wp-content\/uploads\/2024\/02\/57105091-boton-de-descarga-de-archivo-pdf-1000x1000.jpg\" alt=\"\" width=\"114\" height=\"114\" srcset=\"https:\/\/isp15-sfe.infd.edu.ar\/sitio\/wp-content\/uploads\/2024\/02\/57105091-boton-de-descarga-de-archivo-pdf-1000x1000.jpg 1000w, https:\/\/isp15-sfe.infd.edu.ar\/sitio\/wp-content\/uploads\/2024\/02\/57105091-boton-de-descarga-de-archivo-pdf-500x500.jpg 500w, https:\/\/isp15-sfe.infd.edu.ar\/sitio\/wp-content\/uploads\/2024\/02\/57105091-boton-de-descarga-de-archivo-pdf-768x768.jpg 768w, https:\/\/isp15-sfe.infd.edu.ar\/sitio\/wp-content\/uploads\/2024\/02\/57105091-boton-de-descarga-de-archivo-pdf.jpg 1300w\" sizes=\"(max-width: 114px) 100vw, 114px\" \/><\/a><\/p>\n<hr \/>\n<h2 style=\"text-align: center;\"><em><strong>TECNICATURA SUP. EN ECONOM\u00cdA SOCIAL Y SOLIDARIA ORIENTADA AL DESARROLLO LOCAL<\/strong><\/em><\/h2>\n<p><a href=\"https:\/\/drive.google.com\/file\/d\/1j3xz-_7QJdR9bi0PQp9HLBwlCveBxniO\/view?usp=drive_link\" target=\"_blank\" rel=\"noopener\"><img decoding=\"async\" loading=\"lazy\" class=\" wp-image-964 aligncenter\" src=\"https:\/\/isp15-sfe.infd.edu.ar\/sitio\/wp-content\/uploads\/2024\/02\/57105091-boton-de-descarga-de-archivo-pdf-1000x1000.jpg\" alt=\"\" width=\"114\" height=\"114\" srcset=\"https:\/\/isp15-sfe.infd.edu.ar\/sitio\/wp-content\/uploads\/2024\/02\/57105091-boton-de-descarga-de-archivo-pdf-1000x1000.jpg 1000w, https:\/\/isp15-sfe.infd.edu.ar\/sitio\/wp-content\/uploads\/2024\/02\/57105091-boton-de-descarga-de-archivo-pdf-500x500.jpg 500w, https:\/\/isp15-sfe.infd.edu.ar\/sitio\/wp-content\/uploads\/2024\/02\/57105091-boton-de-descarga-de-archivo-pdf-768x768.jpg 768w, https:\/\/isp15-sfe.infd.edu.ar\/sitio\/wp-content\/uploads\/2024\/02\/57105091-boton-de-descarga-de-archivo-pdf.jpg 1300w\" sizes=\"(max-width: 114px) 100vw, 114px\" \/><\/a><\/p>\n<p>&nbsp;<\/p>\n<p>&nbsp;<\/p>\n<p>&nbsp;<\/p>\n<p>&nbsp;<\/p>\n<p>&nbsp;<\/p>\n<p>&nbsp;<\/p>\n<p class=\"_04xlpA direction-ltr align-center para-style-title\">\u00a0<\/p>\n","protected":false},"excerpt":{"rendered":"<p>\u00a0 \u00a0 \u00a0 \u00a0 \u00a0 \u00a0 \u00a0 \u00a0 \u00a0 \u00a0 \u00a0 \u00a0PLANES DE ESTUDIO Profesorado de Educaci\u00f3n Primaria Profesorado de Educaci\u00f3n Inicial Profesorado de Educaci\u00f3n Secundaria en Matem\u00e1tica Tec Sup en Econom\u00eda Social y Solidaria Orientada al Desarrollo Local Profesorado en Lengua y Literatura MATERIAL PROPED\u00c9UTICO\u00a0 &#8211; 2025 &#8211; PROFESORADO DE EDUCACI\u00d3N PRIMARIA PROFESORADO DE &#8230; <a title=\"Inicio\" class=\"read-more\" href=\"https:\/\/isp15-sfe.infd.edu.ar\/sitio\/\" aria-label=\"More on Inicio\">[+]<\/a><\/p>\n","protected":false},"author":1,"featured_media":0,"parent":0,"menu_order":0,"comment_status":"closed","ping_status":"closed","template":"","meta":[],"acf":[],"_links":{"self":[{"href":"https:\/\/isp15-sfe.infd.edu.ar\/sitio\/wp-json\/wp\/v2\/pages\/286"}],"collection":[{"href":"https:\/\/isp15-sfe.infd.edu.ar\/sitio\/wp-json\/wp\/v2\/pages"}],"about":[{"href":"https:\/\/isp15-sfe.infd.edu.ar\/sitio\/wp-json\/wp\/v2\/types\/page"}],"author":[{"embeddable":true,"href":"https:\/\/isp15-sfe.infd.edu.ar\/sitio\/wp-json\/wp\/v2\/users\/1"}],"replies":[{"embeddable":true,"href":"https:\/\/isp15-sfe.infd.edu.ar\/sitio\/wp-json\/wp\/v2\/comments?post=286"}],"version-history":[{"count":218,"href":"https:\/\/isp15-sfe.infd.edu.ar\/sitio\/wp-json\/wp\/v2\/pages\/286\/revisions"}],"predecessor-version":[{"id":1083,"href":"https:\/\/isp15-sfe.infd.edu.ar\/sitio\/wp-json\/wp\/v2\/pages\/286\/revisions\/1083"}],"wp:attachment":[{"href":"https:\/\/isp15-sfe.infd.edu.ar\/sitio\/wp-json\/wp\/v2\/media?parent=286"}],"curies":[{"name":"wp","href":"https:\/\/api.w.org\/{rel}","templated":true}]}}